{"id":10139,"date":"2018-11-24T13:53:39","date_gmt":"2018-11-24T12:53:39","guid":{"rendered":"https:\/\/www.tilman.be\/produits\/tensiofytol\/"},"modified":"2026-02-05T15:48:46","modified_gmt":"2026-02-05T14:48:46","slug":"tensiofytol","status":"publish","type":"product","link":"https:\/\/www.tilman.be\/nl\/produit\/tensiofytol\/","title":{"rendered":"Tensiofytol"},"content":{"rendered":"[vc_row][vc_column][vc_row_inner][vc_column_inner width=&#8221;2\/3&#8243;][vc_column_text css=&#8221;.vc_custom_1564658698712{margin-bottom: 0px !important;}&#8221;]\n<h1><span style=\"color: #e4032e;\"><span style=\"color: #004077;\">Tensio<\/span><span style=\"color: #a9162e;\">fytol<span style=\"font-size: 16pt;\"><sup>\u00ae<\/sup><\/span><\/span><\/span><\/h1>\n[\/vc_column_text][\/vc_column_inner][vc_column_inner width=&#8221;1\/3&#8243;][vc_column_text css=&#8221;.vc_custom_1564658745383{margin-bottom: 0px !important;}&#8221;]\n<p style=\"text-align: right;\"><span style=\"color: #004077;\"><strong><span style=\"font-size: 8pt;\">VOEDINGSSUPPLEMENT<\/span><\/strong><\/span><\/p>\n[\/vc_column_text][\/vc_column_inner][\/vc_row_inner][vc_column_text css=&#8221;.vc_custom_1564658688447{margin-bottom: 0px !important;}&#8221;]\n<h5><span style=\"color: #a9162e;\">Voor een bloeddruk op natuurlijke wijze in evenwicht!<\/span><\/h5>\n[\/vc_column_text][vc_row_inner][vc_column_inner width=&#8221;1\/6&#8243;][mk_image_switch src_first=&#8221;https:\/\/www.tilman.be\/wp-content\/uploads\/2019\/04\/cardio-rond.png&#8221; src_second=&#8221;https:\/\/www.tilman.be\/wp-content\/uploads\/2019\/04\/cardio-texte.png&#8221; crop=&#8221;false&#8221; margin_bottom=&#8221;0&#8243; animation=&#8221;scale-up&#8221; link=&#8221;url:%2Fnl%2Fcategorie-producten%2Fcardio%2F|title:Cardio||&#8221;][\/vc_column_inner][vc_column_inner width=&#8221;1\/6&#8243;][\/vc_column_inner][vc_column_inner width=&#8221;1\/6&#8243;][\/vc_column_inner][vc_column_inner width=&#8221;1\/6&#8243;][\/vc_column_inner][vc_column_inner width=&#8221;1\/6&#8243;][\/vc_column_inner][vc_column_inner width=&#8221;1\/6&#8243;][\/vc_column_inner][\/vc_row_inner][vc_column_text css=&#8221;.vc_custom_1558000857423{margin-bottom: 0px !important;}&#8221;]Capsules op basis <span style=\"color: #a9162e;\"><strong>van olijf en olijfbladeren<\/strong><\/span>\u00a0voor een <strong>bloeddruk op natuurlijke wijze in evenwicht.<\/strong>[\/vc_column_text][mk_ornamental_title tag_name=&#8221;h4&#8243; text_color=&#8221;#004077&#8243; font_family=&#8221;none&#8221; font_size=&#8221;20&#8243; font_weight=&#8221;600&#8243; txt_transform=&#8221;uppercase&#8221; ornament_style=&#8221;norman-single&#8221; ornament_color=&#8221;#004077&#8243;]\n<p style=\"text-align: left;\">PLANT<\/p>\n[\/mk_ornamental_title][vc_row_inner][vc_column_inner][vc_column_text css=&#8221;.vc_custom_1557218062341{margin-bottom: 0px !important;}&#8221;]\n<p style=\"text-align: center;\"><strong><img fetchpriority=\"high\" decoding=\"async\" class=\"aligncenter size-medium wp-image-10540\" src=\"https:\/\/www.tilman.be\/wp-content\/uploads\/2018\/01\/tilman.be-olivier-300x300.png\" alt=\"Olivier\" width=\"300\" height=\"300\" srcset=\"https:\/\/www.tilman.be\/wp-content\/uploads\/2018\/01\/tilman.be-olivier-300x300.png 300w, https:\/\/www.tilman.be\/wp-content\/uploads\/2018\/01\/tilman.be-olivier-150x150.png 150w, https:\/\/www.tilman.be\/wp-content\/uploads\/2018\/01\/tilman.be-olivier.png 600w, https:\/\/www.tilman.be\/wp-content\/uploads\/2018\/01\/tilman.be-olivier-100x100.png 100w\" sizes=\"(max-width: 300px) 100vw, 300px\" \/>Olijf<\/strong>\u00a0droogextract<br \/>\n(<em>Olea europaea<\/em>)<br \/>\nblad 167 mg en vrucht 53mg<\/p>\n[\/vc_column_text][\/vc_column_inner][\/vc_row_inner][vc_column_text css=&#8221;.vc_custom_1653307733851{margin-bottom: 0px !important;}&#8221;]<span style=\"color: #a9162e;\"><strong>Het olijf droog extract <\/strong><\/span>(Olea europaea) bevat hydroxytyrosol, een van de <strong>krachtigste natuurlijke antioxidanten en radicaalvangers.<\/strong><\/p>\n<p>Een <span style=\"color: #a9162e;\"><strong>olijfblad<\/strong><\/span> <em>(Olea europaea)<\/em> bestaat voornamelijk uit oleurope\u00efne, polyfenolen en esters. Oleurope\u00efne is het meest actieve ingredi\u00ebnt van olijfbladeren: in ons lichaam wordt het hoofdzakelijk omgezet naar hydroxytyrosol.<br \/>\n<strong>Talrijke wetenschappers hebben het olijfblad bestudeerd en ze hebben kunnen aantonen dat het bijdraagt tot het behoud van een normale bloeddruk.<\/strong>[\/vc_column_text][mk_ornamental_title tag_name=&#8221;h4&#8243; text_color=&#8221;#004077&#8243; font_family=&#8221;none&#8221; font_size=&#8221;20&#8243; font_weight=&#8221;600&#8243; txt_transform=&#8221;uppercase&#8221; ornament_style=&#8221;norman-single&#8221; ornament_color=&#8221;#004077&#8243;]\n<p style=\"text-align: center;\">GEBRUIKSAANWIJZING<\/p>\n[\/mk_ornamental_title][vc_row_inner][vc_column_inner][mk_table style=&#8221;style2&#8243;]\n<table width=\"100%\">\n<tbody>\n<tr>\n<td style=\"text-align: left;\"><span style=\"color: #e4032e;\"><img decoding=\"async\" class=\"alignleft size-full wp-image-5392\" src=\"https:\/\/www.tilman.be\/wp-content\/uploads\/2019\/03\/tensiofytol-pictos.png\" alt=\"\" width=\"100\" height=\"50\" \/><\/span><\/td>\n<td style=\"text-align: center;\"><\/td>\n<\/tr>\n<tr>\n<td style=\"text-align: left;\"><span style=\"color: #a9162e;\"><strong>Volwassenen vanaf 18 jaar <\/strong><\/span><\/td>\n<td style=\"text-align: right;\">2 capsules per dag<\/td>\n<\/tr>\n<\/tbody>\n<\/table>\n[\/mk_table][vc_column_text css=&#8221;.vc_custom_1551790852729{margin-bottom: 0px !important;}&#8221;]De eerste bij het ontwaken en de tweede \u2018s avonds voor het eten innemen, met een groot glas water.[\/vc_column_text][\/vc_column_inner][\/vc_row_inner][mk_ornamental_title tag_name=&#8221;h4&#8243; text_color=&#8221;#004077&#8243; font_family=&#8221;none&#8221; font_size=&#8221;20&#8243; font_weight=&#8221;600&#8243; txt_transform=&#8221;uppercase&#8221; ornament_style=&#8221;norman-single&#8221; ornament_color=&#8221;#004077&#8243;]\n<p style=\"text-align: center;\">VOORZORGSMAATREGELEN<\/p>\n[\/mk_ornamental_title][vc_column_text css=&#8221;.vc_custom_1564988316538{margin-bottom: 0px !important;}&#8221;]\n<ul>\n<li>Niet gebruiken bij zwangerschap of borstvoeding.<\/li>\n<li>Buiten bereik van jonge kinderen houden.<\/li>\n<li>De aanbevolen dagelijkse hoeveelheid niet overschrijden.<\/li>\n<li>Mag niet als vervanging van een gevarieerde en evenwichtige voeding en van een gezonde levensstijl worden gebruikt<\/li>\n<\/ul>\n[\/vc_column_text][mk_ornamental_title tag_name=&#8221;h4&#8243; text_color=&#8221;#004077&#8243; font_family=&#8221;none&#8221; font_size=&#8221;20&#8243; font_weight=&#8221;600&#8243; txt_transform=&#8221;uppercase&#8221; ornament_style=&#8221;norman-single&#8221; ornament_color=&#8221;#004077&#8243;]\n<p style=\"text-align: left;\">INGREDI\u00cbNTEN<\/p>\n[\/mk_ornamental_title][vc_column_text css=&#8221;.vc_custom_1770302936627{margin-bottom: 0px !important;}&#8221;]Ingredi\u00ebnten per capsule: <span style=\"color: #e60060;\"><strong>Olijfblad<\/strong><\/span> droog extract <em>(Olea europaea)<\/em> 167 mg <span class=\"s1\">\u2022 <\/span>Omhulsel : gelatine van runderoorsprong \u00a0<span class=\"s1\">\u2022 <\/span><span style=\"color: #e60060;\"><strong>Olijf<\/strong><\/span> droog extract <em>(Olea europaea)<\/em> 53 mg <span class=\"s1\">\u2022 <\/span>Vulstoffen : microkristalijne cellulose, tricalciumfosfaat <span class=\"s1\">\u2022 <\/span>Antiklontermiddelen : siliciumdioxide, talk, magnesiumzouten van vetzuren <span class=\"s1\">\u2022 <\/span>Kleurstoffen : ijzeroxiden.[\/vc_column_text][vc_separator color=&#8221;custom&#8221; accent_color=&#8221;#004077&#8243;][vc_column_text css=&#8221;.vc_custom_1564473335607{margin-bottom: 0px !important;}&#8221;]<strong><span style=\"color: #004077;\">Tensio<\/span><span style=\"color: #e4032e;\">fytol<\/span> <\/strong>bestaat in:<\/p>\n<ul>\n<li>Dozen van <strong>56 capsules<\/strong>\u00a0(<em>CNK: 3580-487<\/em>)<\/li>\n<li>Dozen van <strong>168 capsules <\/strong>(<em>CNK: 3580-495<\/em>)<\/li>\n<\/ul>\n<p><span style=\"font-size: 8pt;\"><strong>VOEDINGSSUPPLEMENT.<\/strong> Buiten bereik van jonge kinderen houden. De aanbevolen dagelijkse hoeveelheid niet overschrijden. Mag niet als vervanging van een gevarieerde en evenwichtige voeding en van een gezonde levensstijl worden gebruikt. Niet gebruiken bij zwangerschap of borstvoeding.<\/span>[\/vc_column_text][vc_separator color=&#8221;custom&#8221; accent_color=&#8221;#004077&#8243;][vc_column_text css=&#8221;.vc_custom_1732200720957{margin-bottom: 0px !important;}&#8221;]<a href=\"http:\/\/www.tilman.be\/DOWNLOAD\/bijsluiter\/3580487_NL_TENSIOFYTOL-56-CAPS_bijsluiter-NOT27-085-04.pdf\" target=\"_blank\" rel=\"noopener noreferrer\"><img decoding=\"async\" class=\"alignleft wp-image-8559\" src=\"https:\/\/www.tilman.be\/wp-content\/uploads\/2018\/12\/tilman_be_bouton-bijsluiter.png\" alt=\"\" width=\"75\" height=\"75\" srcset=\"https:\/\/www.tilman.be\/wp-content\/uploads\/2018\/12\/tilman_be_bouton-bijsluiter.png 100w, https:\/\/www.tilman.be\/wp-content\/uploads\/2018\/12\/tilman_be_bouton-bijsluiter-300x300.png 300w\" sizes=\"(max-width: 75px) 100vw, 75px\" \/><\/a><a href=\"http:\/\/tilman.be\/DOWNLOAD\/catalogus\/TILMAN_BE_catalogus-NL.pdf\"><img loading=\"lazy\" decoding=\"async\" class=\"alignright wp-image-8562\" src=\"https:\/\/www.tilman.be\/wp-content\/uploads\/2018\/12\/tilman_be_bouton-catalogus.png\" alt=\"\" width=\"75\" height=\"75\" srcset=\"https:\/\/www.tilman.be\/wp-content\/uploads\/2018\/12\/tilman_be_bouton-catalogus.png 100w, https:\/\/www.tilman.be\/wp-content\/uploads\/2018\/12\/tilman_be_bouton-catalogus-300x300.png 300w\" sizes=\"(max-width: 75px) 100vw, 75px\" \/><\/a><a href=\"http:\/\/tensiofytol.be\/nl\/\" target=\"_blank\" rel=\"noopener noreferrer\"><img loading=\"lazy\" decoding=\"async\" class=\"alignright wp-image-3633\" src=\"https:\/\/www.tilman.be\/wp-content\/uploads\/2019\/02\/tilman-bouton-tensiofytol.be_.png\" alt=\"\" width=\"113\" height=\"75\" \/><\/a>[\/vc_column_text][\/vc_column][\/vc_row]\n","protected":false},"excerpt":{"rendered":"<p><img loading=\"lazy\" decoding=\"async\" class=\"aligncenter size-full wp-image-5394\" src=\"https:\/\/www.tilman.be\/wp-content\/uploads\/2019\/03\/banner-produits-tensiofytol.jpg\" alt=\"\" width=\"1900\" height=\"375\" srcset=\"https:\/\/www.tilman.be\/wp-content\/uploads\/2019\/03\/banner-produits-tensiofytol.jpg 1900w, https:\/\/www.tilman.be\/wp-content\/uploads\/2019\/03\/banner-produits-tensiofytol-300x59.jpg 300w, https:\/\/www.tilman.be\/wp-content\/uploads\/2019\/03\/banner-produits-tensiofytol-768x152.jpg 768w, https:\/\/www.tilman.be\/wp-content\/uploads\/2019\/03\/banner-produits-tensiofytol-1024x202.jpg 1024w, https:\/\/www.tilman.be\/wp-content\/uploads\/2019\/03\/banner-produits-tensiofytol-600x118.jpg 600w\" sizes=\"(max-width: 1900px) 100vw, 1900px\" \/><\/p>\n","protected":false},"featured_media":24819,"template":"","meta":[],"product_brand":[],"product_cat":[121],"product_tag":[],"class_list":{"0":"post-10139","1":"product","2":"type-product","3":"status-publish","4":"has-post-thumbnail","6":"product_cat-cardio-nl","7":"pa_age-volwassen","8":"pa_allaitement-nee","9":"pa_bio-nee","10":"pa_forme-harde-capsule","11":"pa_grossesse-nee","12":"pa_nouveautes-nee","14":"first","15":"instock","16":"product-type-simple"},"aioseo_notices":[],"_links":{"self":[{"href":"https:\/\/www.tilman.be\/nl\/wp-json\/wp\/v2\/product\/10139","targetHints":{"allow":["GET"]}}],"collection":[{"href":"https:\/\/www.tilman.be\/nl\/wp-json\/wp\/v2\/product"}],"about":[{"href":"https:\/\/www.tilman.be\/nl\/wp-json\/wp\/v2\/types\/product"}],"version-history":[{"count":2,"href":"https:\/\/www.tilman.be\/nl\/wp-json\/wp\/v2\/product\/10139\/revisions"}],"predecessor-version":[{"id":27005,"href":"https:\/\/www.tilman.be\/nl\/wp-json\/wp\/v2\/product\/10139\/revisions\/27005"}],"wp:featuredmedia":[{"embeddable":true,"href":"https:\/\/www.tilman.be\/nl\/wp-json\/wp\/v2\/media\/24819"}],"wp:attachment":[{"href":"https:\/\/www.tilman.be\/nl\/wp-json\/wp\/v2\/media?parent=10139"}],"wp:term":[{"taxonomy":"product_brand","embeddable":true,"href":"https:\/\/www.tilman.be\/nl\/wp-json\/wp\/v2\/product_brand?post=10139"},{"taxonomy":"product_cat","embeddable":true,"href":"https:\/\/www.tilman.be\/nl\/wp-json\/wp\/v2\/product_cat?post=10139"},{"taxonomy":"product_tag","embeddable":true,"href":"https:\/\/www.tilman.be\/nl\/wp-json\/wp\/v2\/product_tag?post=10139"}],"curies":[{"name":"wp","href":"https:\/\/api.w.org\/{rel}","templated":true}]}}